{"id":1459,"date":"2024-11-22T01:01:19","date_gmt":"2024-11-22T01:01:19","guid":{"rendered":"https:\/\/kockavarna.cz\/kosik\/"},"modified":"2024-11-22T01:29:05","modified_gmt":"2024-11-22T01:29:05","slug":"kosik","status":"publish","type":"page","link":"https:\/\/kockavarna.cz\/en\/kosik\/","title":{"rendered":"Ko\u0161\u00edk"},"content":{"rendered":"<div data-block-name=\"woocommerce\/cart\" class=\"wp-block-woocommerce-cart alignwide is-loading\">\n<div data-block-name=\"woocommerce\/filled-cart-block\" class=\"wp-block-woocommerce-filled-cart-block\">\n<div data-block-name=\"woocommerce\/cart-items-block\" class=\"wp-block-woocommerce-cart-items-block\">\n<div data-block-name=\"woocommerce\/cart-line-items-block\" class=\"wp-block-woocommerce-cart-line-items-block\"><\/div>\n\n\n\n<div data-block-name=\"woocommerce\/cart-cross-sells-block\" class=\"wp-block-woocommerce-cart-cross-sells-block\">\n<h2 class=\"wp-block-heading has-large-font-size\">Mohlo by se Ti l\u00edbit\u2026<\/h2>\n\n\n\n<div data-block-name=\"woocommerce\/cart-cross-sells-products-block\" class=\"wp-block-woocommerce-cart-cross-sells-products-block\"><\/div>\n<\/div>\n<\/div>\n\n\n\n<div data-block-name=\"woocommerce\/cart-totals-block\" class=\"wp-block-woocommerce-cart-totals-block\">\n<div data-block-name=\"woocommerce\/cart-order-summary-block\" class=\"wp-block-woocommerce-cart-order-summary-block\">\n<div data-block-name=\"woocommerce\/cart-order-summary-heading-block\" class=\"wp-block-woocommerce-cart-order-summary-heading-block\"><\/div><div data-block-name=\"woocommerce\/cart-order-summary-coupon-form-block\" class=\"wp-block-woocommerce-cart-order-summary-coupon-form-block\"><\/div><div data-block-name=\"woocommerce\/cart-order-summary-totals-block\" class=\"wp-block-woocommerce-cart-order-summary-totals-block\">\n<div data-block-name=\"woocommerce\/cart-order-summary-subtotal-block\" class=\"wp-block-woocommerce-cart-order-summary-subtotal-block\"><\/div>\n<div data-block-name=\"woocommerce\/cart-order-summary-discount-block\" class=\"wp-block-woocommerce-cart-order-summary-discount-block\"><\/div>\n<div data-block-name=\"woocommerce\/cart-order-summary-fee-block\" class=\"wp-block-woocommerce-cart-order-summary-fee-block\"><\/div>\n<div data-block-name=\"woocommerce\/cart-order-summary-shipping-block\" class=\"wp-block-woocommerce-cart-order-summary-shipping-block\"><\/div>\n<div data-block-name=\"woocommerce\/cart-order-summary-taxes-block\" class=\"wp-block-woocommerce-cart-order-summary-taxes-block\"><\/div><\/div>\n<\/div>\n\n\n\n<div data-block-name=\"woocommerce\/cart-express-payment-block\" class=\"wp-block-woocommerce-cart-express-payment-block\"><\/div>\n\n\n\n<div data-block-name=\"woocommerce\/proceed-to-checkout-block\" class=\"wp-block-woocommerce-proceed-to-checkout-block\"><\/div>\n\n\n\n<div data-block-name=\"woocommerce\/cart-accepted-payment-methods-block\" class=\"wp-block-woocommerce-cart-accepted-payment-methods-block\"><\/div>\n<\/div>\n<\/div>\n\n\n\n<div data-block-name=\"woocommerce\/empty-cart-block\" class=\"wp-block-woocommerce-empty-cart-block\">\n<h2 class=\"wp-block-heading has-text-align-center with-empty-cart-icon wc-block-cart__empty-cart__title\">V\u00e1\u0161 ko\u0161\u00edk je aktu\u00e1ln\u011b pr\u00e1zdn\u00fd!<\/h2>\n\n\n\n<hr class=\"wp-block-separator has-alpha-channel-opacity is-style-dots\"\/>\n\n\n\n<h2 class=\"wp-block-heading has-text-align-center\">Novinka<\/h2>\n\n\n<div data-block-name=\"woocommerce\/product-new\" data-columns=\"4\" data-rows=\"1\" class=\"wc-block-grid wp-block-product-new wp-block-woocommerce-product-new wc-block-product-new has-4-columns\"><ul class=\"wc-block-grid__products\"><li class=\"wc-block-grid__product\">\n\t\t\t\t<a href=\"https:\/\/kockavarna.cz\/en\/product\/darkovy-poukaz-500kc-tisteny\/\" class=\"wc-block-grid__product-link\">\n\t\t\t\t\t\n\t\t\t\t\t<div class=\"wc-block-grid__product-image\"><img loading=\"lazy\" decoding=\"async\" width=\"300\" height=\"219\" src=\"https:\/\/kockavarna.cz\/wp-content\/uploads\/2018\/10\/500-KC-2024-A5-300x219.jpg\" class=\"attachment-woocommerce_thumbnail size-woocommerce_thumbnail\" alt=\"D\u00e1rkov\u00fd poukaz 500K\u010d- ti\u0161t\u011bn\u00fd (klikn\u011bte na obr\u00e1zek)\" srcset=\"https:\/\/kockavarna.cz\/wp-content\/uploads\/2018\/10\/500-KC-2024-A5-300x219.jpg 300w, https:\/\/kockavarna.cz\/wp-content\/uploads\/2018\/10\/500-KC-2024-A5-1024x749.jpg 1024w, https:\/\/kockavarna.cz\/wp-content\/uploads\/2018\/10\/500-KC-2024-A5-768x562.jpg 768w, https:\/\/kockavarna.cz\/wp-content\/uploads\/2018\/10\/500-KC-2024-A5-1536x1124.jpg 1536w, https:\/\/kockavarna.cz\/wp-content\/uploads\/2018\/10\/500-KC-2024-A5-2048x1498.jpg 2048w, https:\/\/kockavarna.cz\/wp-content\/uploads\/2018\/10\/500-KC-2024-A5-16x12.jpg 16w, https:\/\/kockavarna.cz\/wp-content\/uploads\/2018\/10\/500-KC-2024-A5-600x439.jpg 600w, https:\/\/kockavarna.cz\/wp-content\/uploads\/2018\/10\/500-KC-2024-A5-e1732232092239.jpg 900w\" sizes=\"auto, (max-width: 300px) 100vw, 300px\" \/><\/div>\n\t\t\t\t\t<div class=\"wc-block-grid__product-title\">D\u00e1rkov\u00fd poukaz 500K\u010d- ti\u0161t\u011bn\u00fd (klikn\u011bte na obr\u00e1zek)<\/div>\n\t\t\t\t<\/a>\n\t\t\t\t<div class=\"wc-block-grid__product-price price\"><span class=\"woocommerce-Price-amount amount\"><span class=\"woocommerce-Price-currencySymbol\">&#075;&#269;<\/span>500,0<\/span> <small class=\"woocommerce-price-suffix\">cena s DPH<\/small><\/div>\n\t\t\t\t\n\t\t\t\t<div class=\"wp-block-button wc-block-grid__product-add-to-cart\"><a href=\"\/en\/wp-json\/wp\/v2\/pages\/1459?add-to-cart=1671\" aria-label=\"Add to basket: \u201cD\u00e1rkov\u00fd poukaz 500K\u010d- ti\u0161t\u011bn\u00fd (klikn\u011bte na obr\u00e1zek)\u201d\" data-quantity=\"1\" data-product_id=\"1671\" data-product_sku=\"\" data-price=\"500\" rel=\"nofollow\" class=\"wp-block-button__link  add_to_cart_button ajax_add_to_cart\" data-no-translation=\"\" data-trp-gettext=\"\" data-no-translation-aria-label=\"\">Add to basket<\/a><\/div>\n\t\t\t<\/li><li class=\"wc-block-grid__product\">\n\t\t\t\t<a href=\"https:\/\/kockavarna.cz\/en\/product\/darkovy-poukaz-500kc\/\" class=\"wc-block-grid__product-link\">\n\t\t\t\t\t\n\t\t\t\t\t<div class=\"wc-block-grid__product-image\"><img loading=\"lazy\" decoding=\"async\" width=\"300\" height=\"219\" src=\"https:\/\/kockavarna.cz\/wp-content\/uploads\/2018\/10\/500-KC-2024-A5-300x219.jpg\" class=\"attachment-woocommerce_thumbnail size-woocommerce_thumbnail\" alt=\"D\u00e1rkov\u00fd poukaz 500K\u010d na email\" srcset=\"https:\/\/kockavarna.cz\/wp-content\/uploads\/2018\/10\/500-KC-2024-A5-300x219.jpg 300w, https:\/\/kockavarna.cz\/wp-content\/uploads\/2018\/10\/500-KC-2024-A5-1024x749.jpg 1024w, https:\/\/kockavarna.cz\/wp-content\/uploads\/2018\/10\/500-KC-2024-A5-768x562.jpg 768w, https:\/\/kockavarna.cz\/wp-content\/uploads\/2018\/10\/500-KC-2024-A5-1536x1124.jpg 1536w, https:\/\/kockavarna.cz\/wp-content\/uploads\/2018\/10\/500-KC-2024-A5-2048x1498.jpg 2048w, https:\/\/kockavarna.cz\/wp-content\/uploads\/2018\/10\/500-KC-2024-A5-16x12.jpg 16w, https:\/\/kockavarna.cz\/wp-content\/uploads\/2018\/10\/500-KC-2024-A5-600x439.jpg 600w, https:\/\/kockavarna.cz\/wp-content\/uploads\/2018\/10\/500-KC-2024-A5-e1732232092239.jpg 900w\" sizes=\"auto, (max-width: 300px) 100vw, 300px\" \/><\/div>\n\t\t\t\t\t<div class=\"wc-block-grid__product-title\">D\u00e1rkov\u00fd poukaz 500K\u010d na email<\/div>\n\t\t\t\t<\/a>\n\t\t\t\t<div class=\"wc-block-grid__product-price price\"><span class=\"woocommerce-Price-amount amount\"><span class=\"woocommerce-Price-currencySymbol\">&#075;&#269;<\/span>500,0<\/span><\/div>\n\t\t\t\t\n\t\t\t\t<div class=\"wp-block-button wc-block-grid__product-add-to-cart\"><a href=\"https:\/\/kockavarna.cz\/en\/product\/darkovy-poukaz-500kc\/\" aria-label=\"Read more about \u201cD\u00e1rkov\u00fd poukaz 500K\u010d na email\u201d\" data-quantity=\"1\" data-product_id=\"668\" data-product_sku=\"\" data-price=\"500\" rel=\"nofollow\" class=\"wp-block-button__link  add_to_cart_button\" data-no-translation=\"\" data-trp-gettext=\"\" data-no-translation-aria-label=\"\">Read more<\/a><\/div>\n\t\t\t<\/li><li class=\"wc-block-grid__product\">\n\t\t\t\t<a href=\"https:\/\/kockavarna.cz\/en\/product\/darkovy-poukaz-300kc\/\" class=\"wc-block-grid__product-link\">\n\t\t\t\t\t\n\t\t\t\t\t<div class=\"wc-block-grid__product-image\"><img loading=\"lazy\" decoding=\"async\" width=\"300\" height=\"219\" src=\"https:\/\/kockavarna.cz\/wp-content\/uploads\/2018\/10\/300-KC-2024-A5-300x219.jpg\" class=\"attachment-woocommerce_thumbnail size-woocommerce_thumbnail\" alt=\"D\u00e1rkov\u00fd poukaz 300K\u010d na email\" srcset=\"https:\/\/kockavarna.cz\/wp-content\/uploads\/2018\/10\/300-KC-2024-A5-300x219.jpg 300w, https:\/\/kockavarna.cz\/wp-content\/uploads\/2018\/10\/300-KC-2024-A5-1024x749.jpg 1024w, https:\/\/kockavarna.cz\/wp-content\/uploads\/2018\/10\/300-KC-2024-A5-768x562.jpg 768w, https:\/\/kockavarna.cz\/wp-content\/uploads\/2018\/10\/300-KC-2024-A5-1536x1124.jpg 1536w, https:\/\/kockavarna.cz\/wp-content\/uploads\/2018\/10\/300-KC-2024-A5-2048x1498.jpg 2048w, https:\/\/kockavarna.cz\/wp-content\/uploads\/2018\/10\/300-KC-2024-A5-16x12.jpg 16w, https:\/\/kockavarna.cz\/wp-content\/uploads\/2018\/10\/300-KC-2024-A5-600x439.jpg 600w, https:\/\/kockavarna.cz\/wp-content\/uploads\/2018\/10\/300-KC-2024-A5-e1732232386510.jpg 900w\" sizes=\"auto, (max-width: 300px) 100vw, 300px\" \/><\/div>\n\t\t\t\t\t<div class=\"wc-block-grid__product-title\">D\u00e1rkov\u00fd poukaz 300K\u010d na email<\/div>\n\t\t\t\t<\/a>\n\t\t\t\t<div class=\"wc-block-grid__product-price price\"><span class=\"woocommerce-Price-amount amount\"><span class=\"woocommerce-Price-currencySymbol\">&#075;&#269;<\/span>300,0<\/span><\/div>\n\t\t\t\t\n\t\t\t\t<div class=\"wp-block-button wc-block-grid__product-add-to-cart\"><a href=\"https:\/\/kockavarna.cz\/en\/product\/darkovy-poukaz-300kc\/\" aria-label=\"Read more about \u201cD\u00e1rkov\u00fd poukaz 300K\u010d na email\u201d\" data-quantity=\"1\" data-product_id=\"667\" data-product_sku=\"\" data-price=\"300\" rel=\"nofollow\" class=\"wp-block-button__link  add_to_cart_button\" data-no-translation=\"\" data-trp-gettext=\"\" data-no-translation-aria-label=\"\">Read more<\/a><\/div>\n\t\t\t<\/li><li class=\"wc-block-grid__product\">\n\t\t\t\t<a href=\"https:\/\/kockavarna.cz\/en\/product\/darkovy-poukaz-200kc\/\" class=\"wc-block-grid__product-link\">\n\t\t\t\t\t\n\t\t\t\t\t<div class=\"wc-block-grid__product-image\"><img loading=\"lazy\" decoding=\"async\" width=\"300\" height=\"219\" src=\"https:\/\/kockavarna.cz\/wp-content\/uploads\/2018\/10\/200-KC-2024-A5-300x219.jpg\" class=\"attachment-woocommerce_thumbnail size-woocommerce_thumbnail\" alt=\"D\u00e1rkov\u00fd poukaz 200K\u010d na email\" srcset=\"https:\/\/kockavarna.cz\/wp-content\/uploads\/2018\/10\/200-KC-2024-A5-300x219.jpg 300w, https:\/\/kockavarna.cz\/wp-content\/uploads\/2018\/10\/200-KC-2024-A5-1024x749.jpg 1024w, https:\/\/kockavarna.cz\/wp-content\/uploads\/2018\/10\/200-KC-2024-A5-768x562.jpg 768w, https:\/\/kockavarna.cz\/wp-content\/uploads\/2018\/10\/200-KC-2024-A5-1536x1124.jpg 1536w, https:\/\/kockavarna.cz\/wp-content\/uploads\/2018\/10\/200-KC-2024-A5-2048x1498.jpg 2048w, https:\/\/kockavarna.cz\/wp-content\/uploads\/2018\/10\/200-KC-2024-A5-16x12.jpg 16w, https:\/\/kockavarna.cz\/wp-content\/uploads\/2018\/10\/200-KC-2024-A5-600x439.jpg 600w, https:\/\/kockavarna.cz\/wp-content\/uploads\/2018\/10\/200-KC-2024-A5-e1732232489482.jpg 900w\" sizes=\"auto, (max-width: 300px) 100vw, 300px\" \/><\/div>\n\t\t\t\t\t<div class=\"wc-block-grid__product-title\">D\u00e1rkov\u00fd poukaz 200K\u010d na email<\/div>\n\t\t\t\t<\/a>\n\t\t\t\t<div class=\"wc-block-grid__product-price price\"><span class=\"woocommerce-Price-amount amount\"><span class=\"woocommerce-Price-currencySymbol\">&#075;&#269;<\/span>200,0<\/span><\/div>\n\t\t\t\t\n\t\t\t\t<div class=\"wp-block-button wc-block-grid__product-add-to-cart\"><a href=\"https:\/\/kockavarna.cz\/en\/product\/darkovy-poukaz-200kc\/\" aria-label=\"Read more about \u201cD\u00e1rkov\u00fd poukaz 200K\u010d na email\u201d\" data-quantity=\"1\" data-product_id=\"665\" data-product_sku=\"\" data-price=\"200\" rel=\"nofollow\" class=\"wp-block-button__link  add_to_cart_button\" data-no-translation=\"\" data-trp-gettext=\"\" data-no-translation-aria-label=\"\">Read more<\/a><\/div>\n\t\t\t<\/li><\/ul><\/div><\/div>\n<\/div>","protected":false},"excerpt":{"rendered":"","protected":false},"author":1,"featured_media":0,"parent":0,"menu_order":0,"comment_status":"closed","ping_status":"closed","template":"","meta":{"site-sidebar-layout":"default","site-content-layout":"","ast-site-content-layout":"default","site-content-style":"default","site-sidebar-style":"default","ast-global-header-display":"","ast-banner-title-visibility":"","ast-main-header-display":"","ast-hfb-above-header-display":"","ast-hfb-below-header-display":"","ast-hfb-mobile-header-display":"","site-post-title":"","ast-breadcrumbs-content":"","ast-featured-img":"","footer-sml-layout":"","ast-disable-related-posts":"","theme-transparent-header-meta":"","adv-header-id-meta":"","stick-header-meta":"","header-above-stick-meta":"","header-main-stick-meta":"","header-below-stick-meta":"","astra-migrate-meta-layouts":"default","ast-page-background-enabled":"default","ast-page-background-meta":{"desktop":{"background-color":"var(--ast-global-color-5)","background-image":"","background-repeat":"repeat","background-position":"center center","background-size":"auto","background-attachment":"scroll","background-type":"","background-media":"","overlay-type":"","overlay-color":"","overlay-opacity":"","overlay-gradient":""},"tablet":{"background-color":"","background-image":"","background-repeat":"repeat","background-position":"center center","background-size":"auto","background-attachment":"scroll","background-type":"","background-media":"","overlay-type":"","overlay-color":"","overlay-opacity":"","overlay-gradient":""},"mobile":{"background-color":"","background-image":"","background-repeat":"repeat","background-position":"center center","background-size":"auto","background-attachment":"scroll","background-type":"","background-media":"","overlay-type":"","overlay-color":"","overlay-opacity":"","overlay-gradient":""}},"ast-content-background-meta":{"desktop":{"background-color":"var(--ast-global-color-4)","background-image":"","background-repeat":"repeat","background-position":"center center","background-size":"auto","background-attachment":"scroll","background-type":"","background-media":"","overlay-type":"","overlay-color":"","overlay-opacity":"","overlay-gradient":""},"tablet":{"background-color":"var(--ast-global-color-4)","background-image":"","background-repeat":"repeat","background-position":"center center","background-size":"auto","background-attachment":"scroll","background-type":"","background-media":"","overlay-type":"","overlay-color":"","overlay-opacity":"","overlay-gradient":""},"mobile":{"background-color":"var(--ast-global-color-4)","background-image":"","background-repeat":"repeat","background-position":"center center","background-size":"auto","background-attachment":"scroll","background-type":"","background-media":"","overlay-type":"","overlay-color":"","overlay-opacity":"","overlay-gradient":""}},"_themeisle_gutenberg_block_has_review":false,"footnotes":""},"class_list":["post-1459","page","type-page","status-publish","hentry"],"_links":{"self":[{"href":"https:\/\/kockavarna.cz\/en\/wp-json\/wp\/v2\/pages\/1459","targetHints":{"allow":["GET"]}}],"collection":[{"href":"https:\/\/kockavarna.cz\/en\/wp-json\/wp\/v2\/pages"}],"about":[{"href":"https:\/\/kockavarna.cz\/en\/wp-json\/wp\/v2\/types\/page"}],"author":[{"embeddable":true,"href":"https:\/\/kockavarna.cz\/en\/wp-json\/wp\/v2\/users\/1"}],"replies":[{"embeddable":true,"href":"https:\/\/kockavarna.cz\/en\/wp-json\/wp\/v2\/comments?post=1459"}],"version-history":[{"count":1,"href":"https:\/\/kockavarna.cz\/en\/wp-json\/wp\/v2\/pages\/1459\/revisions"}],"predecessor-version":[{"id":1463,"href":"https:\/\/kockavarna.cz\/en\/wp-json\/wp\/v2\/pages\/1459\/revisions\/1463"}],"wp:attachment":[{"href":"https:\/\/kockavarna.cz\/en\/wp-json\/wp\/v2\/media?parent=1459"}],"curies":[{"name":"wp","href":"https:\/\/api.w.org\/{rel}","templated":true}]}}