{"id":211,"date":"2018-07-14T07:54:21","date_gmt":"2018-07-14T07:54:21","guid":{"rendered":"http:\/\/kockavarna.cz\/?page_id=211"},"modified":"2022-09-27T17:39:29","modified_gmt":"2022-09-27T17:39:29","slug":"kontakt","status":"publish","type":"page","link":"https:\/\/kockavarna.cz\/en\/kontakt\/","title":{"rendered":"write us"},"content":{"rendered":"<p><span><div class=\"wpforms-container wpforms-container-full\" id=\"wpforms-562\"><form id=\"wpforms-form-562\" class=\"wpforms-validate wpforms-form\" data-formid=\"562\" method=\"post\" enctype=\"multipart\/form-data\" action=\"\/en\/wp-json\/wp\/v2\/pages\/211\"><div class=\"wpforms-field-container\"><div id=\"wpforms-562-field_0-container\" class=\"wpforms-field wpforms-field-name\" data-field-id=\"0\"><label class=\"wpforms-field-label\" for=\"wpforms-562-field_0\">Jm\u00e9no <span class=\"wpforms-required-label\">*<\/span><\/label><input type=\"text\" id=\"wpforms-562-field_0\" class=\"wpforms-field-medium wpforms-field-required\" name=\"wpforms[fields][0]\" required><\/div><div id=\"wpforms-562-field_1-container\" class=\"wpforms-field wpforms-field-email\" data-field-id=\"1\"><label class=\"wpforms-field-label\" for=\"wpforms-562-field_1\">V\u00e1\u0161 Email <span class=\"wpforms-required-label\">*<\/span><\/label><input type=\"email\" id=\"wpforms-562-field_1\" class=\"wpforms-field-medium wpforms-field-required\" name=\"wpforms[fields][1]\" required><\/div><div id=\"wpforms-562-field_2-container\" class=\"wpforms-field wpforms-field-textarea\" data-field-id=\"2\"><label class=\"wpforms-field-label\" for=\"wpforms-562-field_2\">Va\u0161e zpr\u00e1va <span class=\"wpforms-required-label\">*<\/span><\/label><textarea id=\"wpforms-562-field_2\" class=\"wpforms-field-medium wpforms-field-required\" name=\"wpforms[fields][2]\" required><\/textarea><div class=\"wpforms-field-description\">*nutno vyplnit<\/div><\/div><div id=\"wpforms-562-field_16-container\" class=\"wpforms-field wpforms-field-select\" data-field-id=\"16\"><label class=\"wpforms-field-label\" for=\"wpforms-562-field_16\">Po\u017eadujete na\u0161i odpov\u011b\u010f? <span class=\"wpforms-required-label\">*<\/span><\/label><select name=\"wpforms[fields][16]\" id=\"wpforms-562-field_16\" class=\"wpforms-field-medium wpforms-field-required\"  required><option value=\"nepo\u017eaduji\" >nepo\u017eaduji<\/option><option value=\"nen\u00ed nutn\u00e1, ale uv\u00edtal bych.\" >nen\u00ed nutn\u00e1, ale uv\u00edtal bych.<\/option><option value=\"po\u017eaduji!\" >po\u017eaduji!<\/option><\/select><div class=\"wpforms-field-description\">Vyhrazujeme si pr\u00e1vo odpov\u011bd\u011bt dle na\u0161ich \u010dasov\u00fdch mo\u017enost\u00ed. D\u011bkujeme za pochopen\u00ed. Va\u0161e Ko\u010dKav\u00e1rna<\/div><\/div><div id=\"wpforms-562-field_19-container\" class=\"wpforms-field wpforms-field-captcha\" data-field-id=\"19\"><label class=\"wpforms-field-label\" for=\"wpforms-562-field_19\">ochrana proti SPAMU <span class=\"wpforms-required-label\">*<\/span><\/label>\t\t\t<p class=\"wpforms-captcha-question\">Kolik je 5+t\u0159i?<\/p>\n\t\t\t<input type=\"text\" id=\"wpforms-562-field_19\" class=\"wpforms-field-medium wpforms-field-required a\" data-rule-wpf-captcha=\"qa\" data-a=\"8\" name=\"wpforms[fields][19][a]\" required>\t\t\t<input type=\"hidden\" name=\"wpforms[fields][19][q]\" value=\"2\">\n\t\t\t<\/div><\/div><div class=\"wpforms-field wpforms-field-hp\"><label for=\"wpforms-field_hp\" class=\"wpforms-field-label\">Email<\/label><input type=\"text\" name=\"wpforms[hp]\" id=\"wpforms-field_hp\" class=\"wpforms-field-medium\"><\/div><div class=\"wpforms-recaptcha-container\" ><div class=\"g-recaptcha\" data-sitekey=\"6Lcac8cUAAAAAIQaXzGTpr1essHiDxfto-VVN8Do\"><\/div><input type=\"text\" name=\"g-recaptcha-hidden\" class=\"wpforms-recaptcha-hidden\" style=\"position:absolute!important;clip:rect(0,0,0,0)!important;height:1px!important;width:1px!important;border:0!important;overflow:hidden!important;padding:0!important;margin:0!important;\" required><\/div><div class=\"wpforms-submit-container\" ><input type=\"hidden\" name=\"wpforms[id]\" value=\"562\"><input type=\"hidden\" name=\"wpforms[author]\" value=\"1\"><button type=\"submit\" name=\"wpforms[submit]\" class=\"wpforms-submit \" id=\"wpforms-submit-562\" value=\"wpforms-submit\" data-alt-text=\"Odes\u00edl\u00e1n\u00ed...\">Odeslat<\/button><\/div><\/form><\/div><\/span><\/p>\n","protected":false},"excerpt":{"rendered":"","protected":false},"author":1,"featured_media":0,"parent":0,"menu_order":0,"comment_status":"closed","ping_status":"closed","template":"","meta":{"site-sidebar-layout":"default","site-content-layout":"","ast-site-content-layout":"default","site-content-style":"default","site-sidebar-style":"default","ast-global-header-display":"","ast-banner-title-visibility":"","ast-main-header-display":"","ast-hfb-above-header-display":"","ast-hfb-below-header-display":"","ast-hfb-mobile-header-display":"","site-post-title":"","ast-breadcrumbs-content":"","ast-featured-img":"","footer-sml-layout":"","ast-disable-related-posts":"","theme-transparent-header-meta":"","adv-header-id-meta":"","stick-header-meta":"","header-above-stick-meta":"","header-main-stick-meta":"","header-below-stick-meta":"","astra-migrate-meta-layouts":"default","ast-page-background-enabled":"default","ast-page-background-meta":{"desktop":{"background-color":"var(--ast-global-color-5)","background-image":"","background-repeat":"repeat","background-position":"center center","background-size":"auto","background-attachment":"scroll","background-type":"","background-media":"","overlay-type":"","overlay-color":"","overlay-opacity":"","overlay-gradient":""},"tablet":{"background-color":"","background-image":"","background-repeat":"repeat","background-position":"center center","background-size":"auto","background-attachment":"scroll","background-type":"","background-media":"","overlay-type":"","overlay-color":"","overlay-opacity":"","overlay-gradient":""},"mobile":{"background-color":"","background-image":"","background-repeat":"repeat","background-position":"center center","background-size":"auto","background-attachment":"scroll","background-type":"","background-media":"","overlay-type":"","overlay-color":"","overlay-opacity":"","overlay-gradient":""}},"ast-content-background-meta":{"desktop":{"background-color":"var(--ast-global-color-4)","background-image":"","background-repeat":"repeat","background-position":"center center","background-size":"auto","background-attachment":"scroll","background-type":"","background-media":"","overlay-type":"","overlay-color":"","overlay-opacity":"","overlay-gradient":""},"tablet":{"background-color":"var(--ast-global-color-4)","background-image":"","background-repeat":"repeat","background-position":"center center","background-size":"auto","background-attachment":"scroll","background-type":"","background-media":"","overlay-type":"","overlay-color":"","overlay-opacity":"","overlay-gradient":""},"mobile":{"background-color":"var(--ast-global-color-4)","background-image":"","background-repeat":"repeat","background-position":"center center","background-size":"auto","background-attachment":"scroll","background-type":"","background-media":"","overlay-type":"","overlay-color":"","overlay-opacity":"","overlay-gradient":""}},"_themeisle_gutenberg_block_has_review":false,"footnotes":""},"class_list":["post-211","page","type-page","status-publish","hentry"],"_links":{"self":[{"href":"https:\/\/kockavarna.cz\/en\/wp-json\/wp\/v2\/pages\/211","targetHints":{"allow":["GET"]}}],"collection":[{"href":"https:\/\/kockavarna.cz\/en\/wp-json\/wp\/v2\/pages"}],"about":[{"href":"https:\/\/kockavarna.cz\/en\/wp-json\/wp\/v2\/types\/page"}],"author":[{"embeddable":true,"href":"https:\/\/kockavarna.cz\/en\/wp-json\/wp\/v2\/users\/1"}],"replies":[{"embeddable":true,"href":"https:\/\/kockavarna.cz\/en\/wp-json\/wp\/v2\/comments?post=211"}],"version-history":[{"count":4,"href":"https:\/\/kockavarna.cz\/en\/wp-json\/wp\/v2\/pages\/211\/revisions"}],"predecessor-version":[{"id":566,"href":"https:\/\/kockavarna.cz\/en\/wp-json\/wp\/v2\/pages\/211\/revisions\/566"}],"wp:attachment":[{"href":"https:\/\/kockavarna.cz\/en\/wp-json\/wp\/v2\/media?parent=211"}],"curies":[{"name":"wp","href":"https:\/\/api.w.org\/{rel}","templated":true}]}}